{"id":26,"date":"2011-03-23T14:47:48","date_gmt":"2011-03-23T14:47:48","guid":{"rendered":"https:\/\/web95.webclient3.de\/?page_id=26"},"modified":"2026-05-04T10:35:30","modified_gmt":"2026-05-04T08:35:30","slug":"programm","status":"publish","type":"page","link":"https:\/\/kabarett-wendeltreppe.de\/?page_id=26","title":{"rendered":"Programm"},"content":{"rendered":"\n<p><\/p>\n\n\n\n<h2 class=\"wp-block-heading\">Herzlich willkommen im Literarischen Kabarett<\/h2>\n\n\n\n<p><\/p>\n\n\n\n<ul>\n<li><strong>Veranstaltungsort<\/strong>: PARLAMENT im Hamburger Rathaus\n<ul>\n<li>Rathausmarkt 1, 20095 Hamburg, Eingang Gr. Johannisstr. 2<\/li>\n<\/ul>\n<\/li>\n\n\n\n<li><strong>Eintritt:<\/strong> \u20ac 15,- , erm\u00e4\u00dfigt f\u00fcr Mitglieder, Sch\u00fcler, Studenten \u20ac 10,-<\/li>\n<\/ul>\n\n\n\n<ul>\n<li><strong>Beginn: <\/strong>19.30 Uhr<\/li>\n\n\n\n<li><strong>Kartenbestellungen:<\/strong>\n<ul>\n<li>entweder kabarett-wendeltreppe@t-online.de oder telefonisch 040-86 82 29<\/li>\n\n\n\n<li>Bestellformular (Bestellung wird best\u00e4tigt)<\/li>\n\n\n\n<li>Karten bitte bis 19 Uhr abholen<\/li>\n<\/ul>\n<\/li>\n<\/ul>\n\n\n\n<p>______________________________________________________________________________________________________<\/p>\n\n\n\n<p><\/p>\n\n\n\n<p><em>Donnerstag, 07. Mai 2026, 19.30 Uhr<\/em> <\/p>\n\n\n\n<p><\/p>\n\n\n\n<p><strong>&#8222;zur\u00fcck zu mir&#8220;<\/strong><\/p>\n\n\n\n<p>&gt;Gro\u00dfe Hits, gef\u00fchlvolle Balladen, Gospels und eigene Songs&lt;<\/p>\n\n\n\n<p>von und mit: <strong>YASMIN REESE<\/strong>, Gesang<\/p>\n\n\n\n<p>_______________________________________________________________________________________________________<\/p>\n\n\n\n<p><em>Donnerstag, 11. Juni 2026, 19.30 Uhr<\/em> <\/p>\n\n\n\n<p><strong>&#8222;Urlaub auf Rezept&#8220;<\/strong><\/p>\n\n\n\n<p>&gt;Hoch- und Plattdeutsche Alltagsgeschichten&lt;<\/p>\n\n\n\n<p>mit: <strong>HENNING KOTHE<\/strong>, Entertainer, Tenor, Pianist<\/p>\n\n\n\n<p><\/p>\n\n\n\n<p><\/p>\n\n\n\n<p>______________________________________________________________________________________________________<\/p>\n\n\n\n<p class=\"has-text-align-center\"><strong>Im Juli und August gibt es keine Veranstaltungen<\/strong><\/p>\n\n\n\n<p>______________________________________________________________________________________________________<\/p>\n","protected":false},"excerpt":{"rendered":"<p>Herzlich willkommen im Literarischen Kabarett ______________________________________________________________________________________________________ Donnerstag, 07. Mai 2026, 19.30 Uhr &#8222;zur\u00fcck zu mir&#8220; &gt;Gro\u00dfe Hits, gef\u00fchlvolle Balladen, Gospels und eigene Songs&lt; von und mit: YASMIN REESE, Gesang _______________________________________________________________________________________________________ Donnerstag, 11. Juni 2026, 19.30 Uhr &#8222;Urlaub auf Rezept&#8220; &gt;Hoch- und Plattdeutsche Alltagsgeschichten&lt; mit: HENNING KOTHE, Entertainer, Tenor, Pianist ______________________________________________________________________________________________________ Im Juli und August gibt [&hellip;]<\/p>\n","protected":false},"author":1,"featured_media":0,"parent":0,"menu_order":0,"comment_status":"closed","ping_status":"open","template":"","meta":{"footnotes":""},"_links":{"self":[{"href":"https:\/\/kabarett-wendeltreppe.de\/index.php?rest_route=\/wp\/v2\/pages\/26"}],"collection":[{"href":"https:\/\/kabarett-wendeltreppe.de\/index.php?rest_route=\/wp\/v2\/pages"}],"about":[{"href":"https:\/\/kabarett-wendeltreppe.de\/index.php?rest_route=\/wp\/v2\/types\/page"}],"author":[{"embeddable":true,"href":"https:\/\/kabarett-wendeltreppe.de\/index.php?rest_route=\/wp\/v2\/users\/1"}],"replies":[{"embeddable":true,"href":"https:\/\/kabarett-wendeltreppe.de\/index.php?rest_route=%2Fwp%2Fv2%2Fcomments&post=26"}],"version-history":[{"count":1295,"href":"https:\/\/kabarett-wendeltreppe.de\/index.php?rest_route=\/wp\/v2\/pages\/26\/revisions"}],"predecessor-version":[{"id":1713,"href":"https:\/\/kabarett-wendeltreppe.de\/index.php?rest_route=\/wp\/v2\/pages\/26\/revisions\/1713"}],"wp:attachment":[{"href":"https:\/\/kabarett-wendeltreppe.de\/index.php?rest_route=%2Fwp%2Fv2%2Fmedia&parent=26"}],"curies":[{"name":"wp","href":"https:\/\/api.w.org\/{rel}","templated":true}]}}